{"id":150,"date":"2021-09-29T19:11:57","date_gmt":"2021-09-29T19:11:57","guid":{"rendered":"https:\/\/gallant-keller.195-20-240-105.plesk.page\/index.php\/mesmerize\/"},"modified":"2026-03-03T09:07:34","modified_gmt":"2026-03-03T08:07:34","slug":"mesmerize","status":"publish","type":"page","link":"https:\/\/training.eusec.net\/dach\/","title":{"rendered":"BaySec &#8211; Bayerische Gesellschaft f\u00fcr Cybersicherheit"},"content":{"rendered":"<div  data-label=\"Portfolioextended\" data-id=\"overlappable--2\" data-export-id=\"overlappable-5\" data-category=\"overlappable\" class=\"overlappable-5 content-section content-section-spacing\" data-overlap=\"true\" id=\"portfolioextended\" style=\"background-color: rgb(229, 242, 246); background-image: none;\" data-section-ov=\"1\">\n<div  class=\"gridContainer\">\n<div  data-type=\"row\" class=\"row shadow-medium bg-color-white center-sm\">\n\n<div  class=\"col-xs-12 col-sm-4 col-padding col-padding-xs bg-color7 col-md-4 \">\n<div  class=\"row middle-sm\">\n<div  class=\"col-xs-12 col-sm-fit icon-column\" data-preview-empty=\"1\"><\/div>\n<div  data-type=\"column\" class=\"col-xs-12 col-sm v-spacing\"><\/div>\n<\/div>\n<div  class=\"row\">\n<div  class=\"col-xs-12 col-sm-12\" data-type=\"column\">\n<img  decoding=\"async\" class=\"custom-image\" src=\"https:\/\/training.eusec.net\/dach\/wp-content\/uploads\/sites\/13\/2023\/12\/200_Phshing_Simulation.jpeg\" title=\"illustration\" alt=\"\"><h3  class=\"\"><font  color=\"#1e73be\">Cyber Security<\/font><\/h3>\n<p  class=\"\">Der Mensch macht Cyber Security erfolgreich. Damit das gelingt, sind gute und interessante Trainings notwendig, welche das Interesse bei Managern, Mitarbeitern, Administratoren und Entwicklern wecken.&nbsp;<\/p>\n\n\n<a  class=\"button color1\" href=\"https:\/\/training.eusec.net\/plattform\" target=\"_self\" data-cp-link=\"1\" data-icon=\"fa-arrow-up\" rel=\"noopener\"><span  class=\"button-icon fa fa-arrow-up\"><\/span>Awareness steigern<\/a><\/div>\n<\/div>\n<\/div><div  class=\"col-xs-12 col-sm-4 col-padding col-padding-xs bg-color7 col-md-4 \">\n<div  class=\"row middle-sm\">\n<div  class=\"col-xs-12 col-sm-fit icon-column\" data-preview-empty=\"1\"><\/div>\n<div  data-type=\"column\" class=\"col-xs-12 col-sm v-spacing\"><\/div>\n<\/div>\n<div  class=\"row\">\n<div  class=\"col-xs-12 col-sm-12\" data-type=\"column\">\n\n<img  decoding=\"async\" class=\"custom-image\" src=\"https:\/\/training.eusec.net\/dach\/wp-content\/uploads\/sites\/13\/2023\/12\/200_Certifcate.jpeg\" title=\"illustration\" alt=\"\"><h3  class=\"\"><span  style=\"font-weight: 600; color: rgb(30, 115, 190);\">Datenschutz<span  style=\"font-weight: 100;\"><\/span><\/span><\/h3><p  class=\"\">Mit interaktiven Videos und spielerischen Elementen machen wir Ihre Mitarbeiter zu Datenschutz-Champions. Mit spielerischen Elementen wecken wir Interesse und animieren zur Reflektion.<\/p>\n\n\n<a  class=\"button color1\" href=\"https:\/\/training.eusec.net\/plattform\" target=\"_self\" data-cp-link=\"1\" data-icon=\"fa-book\" rel=\"noopener\"><span  class=\"button-icon fa fa-book\"><\/span>Datenschutz schulen<\/a><\/div>\n<\/div>\n<\/div>\n\n<div  class=\"col-xs-12 col-sm-4 col-padding col-padding-xs bg-color7 col-md-4 \">\n<div  class=\"row middle-sm\">\n<div  class=\"col-xs-12 col-sm-fit icon-column\" data-preview-empty=\"1\"><\/div>\n<div  data-type=\"column\" class=\"col-xs-12 col-sm v-spacing\"><\/div>\n<\/div>\n<div  class=\"row\">\n<div  class=\"col-xs-12 col-sm-12\" data-type=\"column\">\n<img  decoding=\"async\" class=\"custom-image\" src=\"https:\/\/training.eusec.net\/dach\/wp-content\/uploads\/sites\/13\/2023\/12\/200_awareness.jpeg\" title=\"illustration\" alt=\"\"><h3  class=\"\"><font  color=\"#1e73be\">Alle Schulungen<\/font><\/h3>\n<p  class=\"\">Entdecken Sie auf unserer Online Plattform weitere Trainings. Einige Trainings bieten wir freiwillig kostenlos an. Damit tragen wir f\u00fcr ein sicheres, digitales Bayern &amp; Deutschland bei. Ausprobieren ohne Registrierungs-Zwang.<\/p>\n\n\n<a  class=\"button color1\" href=\"https:\/\/training.eusec.net\/plattform\" target=\"_self\" data-cp-link=\"1\" data-icon=\"fa-check-square-o\" rel=\"noopener\"><span  class=\"button-icon fa fa-check-square-o\"><\/span>Zur Plattform<\/a><\/div>\n<\/div>\n<\/div>\n<\/div>\n<\/div>\n<\/div><div  data-label=\"Testimonials\" data-id=\"testimonials--2\" data-export-id=\"testimonials-3\" data-category=\"testimonials\" class=\"testimonials-3 content-section content-section-spacing content-relative\" id=\"testimonials-2\" style=\"background-color: rgb(236, 245, 248); background-image: none;\"><div  class=\"gridContainer\">  <div  class=\"row spaced-cols content-center-sm center-sm\" data-type=\"row\"> <div  class=\"col-xs-12 col-sm-4\"> <div  class=\"card shadow\" data-type=\"column\"> <i  class=\"fa icon quotation-icon fa-quote-left big color64\"><\/i>    <p  class=\"lead\"><span  style=\"font-weight: 400;\">Das hat richtig viel Spa\u00df gemacht! Vor allem, die interaktive \u00dcbung mit dem Passwort. Es war alles einfach und verst\u00e4ndlich erkl\u00e4rt.<\/span><\/p><p  class=\"\">Teilnehmer ohne IT-Kenntnisse \n<br >(Cyber Security Online-Training)<\/p><\/div> <\/div> <div  class=\"col-xs-12 col-sm-4\"> <div  class=\"card shadow\" data-type=\"column\"> <i  class=\"fa icon quotation-icon fa-quote-left big color64\"><\/i>    <p  class=\"lead\"><span  style=\"font-weight: 400;\">Echt gut. Die spielerischen Elemente sorgen f\u00fcr mehr Aufmerksamkeit und der Heimatbezug schafft N\u00e4he.<\/span><\/p><p  class=\"\">Informationssicherheitsbeauftragter eines&nbsp; Landratsamtes<br >(Cyber Security Online-Training)<\/p><\/div> <\/div> <div  class=\"col-xs-12 col-sm-4\"> <div  class=\"card shadow\" data-type=\"column\"> <i  class=\"fa icon quotation-icon fa-quote-left big color64\"><\/i>    <p  class=\"lead\"><span  style=\"font-weight: 400;\">Sehr gut gemacht. Viele Beispiele aus dem echten Leben haben die Schulung sehr anschaulich und real gemacht.<\/span><\/p><p  class=\"\">Gesch\u00e4ftsf\u00fchrer eines Software-Herstellers f\u00fcr Elektroautos \n<br >(Webinar)<\/p><\/div> <\/div><\/div> <\/div><\/div><div  data-label=\"Content\" data-id=\"content--1\" data-export-id=\"content-12\" data-category=\"content\" class=\"content-12 content-section content-section-spacing content-relative\" id=\"content-1\" style=\"background-color: rgb(236, 245, 248); background-image: none;\"><div  class=\"gridContainer\"> <div  class=\"row text-center\"><div  class=\"section-title-col\" data-type=\"column\">  <\/div> <\/div> <div  class=\"row center-xs middle-xs\"> <div  class=\"col-sm-9\" data-type=\"column\"> <p  class=\"lead\"><a  data-mce-href=\"https:\/\/www.provenexpert.com\/baysec-bayerische-gesellschaft-fuer-cybersicherheit-mbh\/\" href=\"https:\/\/www.provenexpert.com\/baysec-bayerische-gesellschaft-fuer-cybersicherheit-mbh\" target=\"_blank\" rel=\"noopener\" data-mce-selected=\"inline-boundary\" data-cp-link=\"1\" class=\"\"><span  style=\"font-weight: 400;\">Bewertungen auf ProvenExpert<\/span><\/a><\/p><p  class=\"lead\"><span  style=\"font-weight: 400;\"><a  data-mce-href=\"https:\/\/maps.app.goo.gl\/B82vmmFTqzXcpR2r8\" href=\"https:\/\/maps.app.goo.gl\/B82vmmFTqzXcpR2r8\" target=\"_blank\" rel=\"noopener\" data-mce-selected=\"inline-boundary\" data-cp-link=\"1\" class=\"\">Bewerungen auf Google Maps<\/a><\/span><\/p><\/div> <\/div><\/div> <div  class=\"section-separator-bottom\">\n    <svg  class=\"section-separator-bottom\" data-separator-name=\"triangle-asymmetrical-negative\" preserveAspectRatio=\"none\" viewBox=\"0 0 1000 100\" xmlns=\"http:\/\/www.w3.org\/2000\/svg\">\n        <path  class=\"svg-white-bg\" d=\"M737.9,94.7L0,0v100h1000V0L737.9,94.7z\"><\/path>\n    <\/svg>\n<\/div><\/div>","protected":false},"excerpt":{"rendered":"<p>Cyber Security Der Mensch macht Cyber Security erfolgreich. Damit das gelingt, sind gute und interessante Trainings notwendig, welche das Interesse bei Managern, Mitarbeitern, Administratoren und Entwicklern wecken.&nbsp; Awareness steigern DatenschutzMit interaktiven Videos und spielerischen Elementen machen wir Ihre Mitarbeiter zu Datenschutz-Champions. Mit spielerischen Elementen wecken wir Interesse und animieren zur Reflektion. Datenschutz schulen Alle Schulungen&hellip; <br \/> <a class=\"read-more\" href=\"https:\/\/training.eusec.net\/dach\/\">Read more<\/a><\/p>\n","protected":false},"author":1,"featured_media":0,"parent":0,"menu_order":0,"comment_status":"closed","ping_status":"closed","template":"page-templates\/homepage.php","meta":{"footnotes":""},"class_list":["post-150","page","type-page","status-publish","hentry"],"_links":{"self":[{"href":"https:\/\/training.eusec.net\/dach\/wp-json\/wp\/v2\/pages\/150","targetHints":{"allow":["GET"]}}],"collection":[{"href":"https:\/\/training.eusec.net\/dach\/wp-json\/wp\/v2\/pages"}],"about":[{"href":"https:\/\/training.eusec.net\/dach\/wp-json\/wp\/v2\/types\/page"}],"author":[{"embeddable":true,"href":"https:\/\/training.eusec.net\/dach\/wp-json\/wp\/v2\/users\/1"}],"replies":[{"embeddable":true,"href":"https:\/\/training.eusec.net\/dach\/wp-json\/wp\/v2\/comments?post=150"}],"version-history":[{"count":101,"href":"https:\/\/training.eusec.net\/dach\/wp-json\/wp\/v2\/pages\/150\/revisions"}],"predecessor-version":[{"id":8245,"href":"https:\/\/training.eusec.net\/dach\/wp-json\/wp\/v2\/pages\/150\/revisions\/8245"}],"wp:attachment":[{"href":"https:\/\/training.eusec.net\/dach\/wp-json\/wp\/v2\/media?parent=150"}],"curies":[{"name":"wp","href":"https:\/\/api.w.org\/{rel}","templated":true}]}}